{"id":5315,"date":"2025-09-27T12:29:55","date_gmt":"2025-09-27T10:29:55","guid":{"rendered":"https:\/\/formawood.si\/?post_type=product&#038;p=5315"},"modified":"2025-10-24T13:16:36","modified_gmt":"2025-10-24T11:16:36","slug":"regal-plohn-linija-origins-3x-police-debelina-materiala-6cm","status":"publish","type":"product","link":"https:\/\/formawood.si\/en\/product\/regal-plohn-linija-origins-3x-police-debelina-materiala-6cm\/","title":{"rendered":"REGAL PLOHN, LINIJA ORIGINS"},"content":{"rendered":"<p>Ro\u010dno izdelan regal iz starega masivnega lesa je poklon surovi lepoti narave in obrti. Trije \u0161iroki, mo\u010dni predali nudijo dovolj prostora za shranjevanje knjig, posod, brisa\u010d ali dekoracije \u2013 tako v dnevni sobi kot kopalnici, kuhinji ali na hodniku.<\/p>\n<p>Povr\u0161ina je za\u0161\u010ditena z naravnimi olji in voski, kar poudari teksturo in barvne kontraste staranega lesa ter zagotavlja dolgotrajno odpornost. Vsak regal je unikat: naravne razpoke, rasti\u0161\u010da in sledi obrabe iz\u017earevajo karakter preteklosti.<\/p>\n<p>Odli\u010dno se poda v rustikalne, moderne in industrijske interierje. Regal lahko stoji samostojno ali v kombinaciji z drugimi izdelki iz linije Origins.<\/p>\n<p>Ro\u010dna izdelava<\/p>\n<p>100 % star masiven hrast<\/p>\n<p>Primeren tudi za kopalnico ali vrtni ambient<\/p>","protected":false},"excerpt":{"rendered":"<p>Ro\u010dno izdelan regal iz starega masivnega lesa je poklon surovi lepoti narave in obrti. Trije \u0161iroki, mo\u010dni predali nudijo dovolj prostora za shranjevanje knjig, posod, brisa\u010d ali dekoracije \u2013 tako v dnevni sobi kot kopalnici, kuhinji ali na hodniku.<\/p>","protected":false},"featured_media":5752,"template":"","meta":{"novablocks_hero_scroll_indicator":false,"novablocks_hero_position_indicators":false,"supernova_prevent_duplicate":false},"product_brand":[],"product_cat":[115],"product_tag":[117,127,118,119,120,125,121,126,123],"class_list":{"0":"post-5315","1":"product","2":"type-product","3":"status-publish","4":"has-post-thumbnail","6":"product_cat-origins","7":"product_tag-formawood-origins","8":"product_tag-hrast","9":"product_tag-izdelki-iz-lesa","10":"product_tag-leseni-izdelki","11":"product_tag-masiven-les","12":"product_tag-miza","13":"product_tag-plohn","14":"product_tag-postelja","15":"product_tag-stol","16":"product_shipping_class-tezji-predmeti","18":"first","19":"onbackorder","20":"taxable","21":"shipping-taxable","22":"purchasable","23":"product-type-simple"},"_links":{"self":[{"href":"https:\/\/formawood.si\/en\/wp-json\/wp\/v2\/product\/5315","targetHints":{"allow":["GET"]}}],"collection":[{"href":"https:\/\/formawood.si\/en\/wp-json\/wp\/v2\/product"}],"about":[{"href":"https:\/\/formawood.si\/en\/wp-json\/wp\/v2\/types\/product"}],"wp:featuredmedia":[{"embeddable":true,"href":"https:\/\/formawood.si\/en\/wp-json\/wp\/v2\/media\/5752"}],"wp:attachment":[{"href":"https:\/\/formawood.si\/en\/wp-json\/wp\/v2\/media?parent=5315"}],"wp:term":[{"taxonomy":"product_brand","embeddable":true,"href":"https:\/\/formawood.si\/en\/wp-json\/wp\/v2\/product_brand?post=5315"},{"taxonomy":"product_cat","embeddable":true,"href":"https:\/\/formawood.si\/en\/wp-json\/wp\/v2\/product_cat?post=5315"},{"taxonomy":"product_tag","embeddable":true,"href":"https:\/\/formawood.si\/en\/wp-json\/wp\/v2\/product_tag?post=5315"}],"curies":[{"name":"wp","href":"https:\/\/api.w.org\/{rel}","templated":true}]}}