{"id":5302,"date":"2025-09-27T00:51:16","date_gmt":"2025-09-26T22:51:16","guid":{"rendered":"https:\/\/formawood.si\/?post_type=product&#038;p=5302"},"modified":"2025-10-26T23:17:21","modified_gmt":"2025-10-26T22:17:21","slug":"jedilna-miza-plohn-linija-origins","status":"publish","type":"product","link":"https:\/\/formawood.si\/en\/product\/jedilna-miza-plohn-linija-origins\/","title":{"rendered":"JEDILNA MIZA PLOHN, LINIJA ORIGINS"},"content":{"rendered":"<p>Elegantna, mogo\u010dna in popolnoma ro\u010dno izdelana. Jedilna miza iz linije FormaWood Origins zdru\u017euje rustikalno du\u0161o s sodobno zasnovo. Masivna plo\u0161\u010da iz starega hrasta in ro\u010dno izdelane X-noge tvorijo stabilno konstrukcijo z izrazitim karakterjem.<\/p>\n<p>Oljenje z naravnimi pripravki ohranja teksturo lesa in zagotavlja za\u0161\u010dito, brez plasti\u010dnih lakov. Miza je brez\u010dasen kos, ki ne sledi trendom \u2013 temve\u010d jih postavlja.<\/p>\n<p>Idealna za doma\u010do jedilnico, pode\u017eelsko kuhinjo, restavracijo ali moderno gorsko ko\u010do.<\/p>\n<p>Ro\u010dna izdelava iz starega lesa<\/p>\n<p>Trpe\u017ena X-podpora za stabilnost<\/p>\n<p>Vsaka je unikat<\/p>","protected":false},"excerpt":{"rendered":"<p>Elegantna, mogo\u010dna in popolnoma ro\u010dno izdelana. Jedilna miza iz linije FormaWood Origins zdru\u017euje rustikalno du\u0161o s sodobno zasnovo. Masivna plo\u0161\u010da iz starega hrasta in ro\u010dno izdelane X-noge tvorijo stabilno konstrukcijo z izrazitim karakterjem.<\/p>","protected":false},"featured_media":4990,"template":"","meta":{"novablocks_hero_scroll_indicator":false,"novablocks_hero_position_indicators":false,"supernova_prevent_duplicate":false},"product_brand":[],"product_cat":[115],"product_tag":[117,118,119,125,121,123],"class_list":{"0":"post-5302","1":"product","2":"type-product","3":"status-publish","4":"has-post-thumbnail","6":"product_cat-origins","7":"product_tag-formawood-origins","8":"product_tag-izdelki-iz-lesa","9":"product_tag-leseni-izdelki","10":"product_tag-miza","11":"product_tag-plohn","12":"product_tag-stol","13":"product_shipping_class-tezji-predmeti","15":"first","16":"onbackorder","17":"taxable","18":"shipping-taxable","19":"purchasable","20":"product-type-simple"},"_links":{"self":[{"href":"https:\/\/formawood.si\/en\/wp-json\/wp\/v2\/product\/5302","targetHints":{"allow":["GET"]}}],"collection":[{"href":"https:\/\/formawood.si\/en\/wp-json\/wp\/v2\/product"}],"about":[{"href":"https:\/\/formawood.si\/en\/wp-json\/wp\/v2\/types\/product"}],"wp:featuredmedia":[{"embeddable":true,"href":"https:\/\/formawood.si\/en\/wp-json\/wp\/v2\/media\/4990"}],"wp:attachment":[{"href":"https:\/\/formawood.si\/en\/wp-json\/wp\/v2\/media?parent=5302"}],"wp:term":[{"taxonomy":"product_brand","embeddable":true,"href":"https:\/\/formawood.si\/en\/wp-json\/wp\/v2\/product_brand?post=5302"},{"taxonomy":"product_cat","embeddable":true,"href":"https:\/\/formawood.si\/en\/wp-json\/wp\/v2\/product_cat?post=5302"},{"taxonomy":"product_tag","embeddable":true,"href":"https:\/\/formawood.si\/en\/wp-json\/wp\/v2\/product_tag?post=5302"}],"curies":[{"name":"wp","href":"https:\/\/api.w.org\/{rel}","templated":true}]}}