{"id":5301,"date":"2025-09-27T00:51:04","date_gmt":"2025-09-26T22:51:04","guid":{"rendered":"https:\/\/formawood.si\/?post_type=product&#038;p=5301"},"modified":"2025-11-15T21:05:30","modified_gmt":"2025-11-15T20:05:30","slug":"klubska-miza-plohn-linija-origins","status":"publish","type":"product","link":"https:\/\/formawood.si\/en\/product\/klubska-miza-plohn-linija-origins\/","title":{"rendered":"KLUBSKA MIZA PLOHN, LINIJA ORIGINS"},"content":{"rendered":"<p>Opis izdelka \u2013 Klubska miza FormaWood Origins<\/p>\n<p>Ro\u010dno izdelana klubska miza iz starega, masivnega lesa \u2013 vsak kos je unikaten odsev narave in \u010dasa. Povr\u0161ina je za\u0161\u010ditena z naravnimi olji in voski, ki poudarijo \u017elahtno patino lesa ter hkrati omogo\u010dajo enostavno vzdr\u017eevanje.<\/p>\n<p>Miza iz\u017eareva rustikalni \u0161arm, a je dovolj preprosta, da se brez te\u017eav umesti tudi v sodoben ambient. Zaradi robustne izdelave je primerna za dnevne sobe, bralni koti\u010dek ali kot sredi\u0161\u010dni element v doma\u010dem salonu. Naravne nepravilnosti, razpoke in gr\u010de so del karakterja in pristnosti mize.<\/p>","protected":false},"excerpt":{"rendered":"<p>Ro\u010dno izdelana klubska miza iz starega, masivnega lesa \u2013 vsak kos je unikaten odsev narave in \u010dasa. Povr\u0161ina je za\u0161\u010ditena z naravnimi olji in voski, ki poudarijo \u017elahtno patino lesa ter hkrati omogo\u010dajo enostavno vzdr\u017eevanje.<\/p>","protected":false},"featured_media":5876,"template":"","meta":{"novablocks_hero_scroll_indicator":false,"novablocks_hero_position_indicators":false,"supernova_prevent_duplicate":false},"product_brand":[],"product_cat":[115],"product_tag":[117,118,119,125,121,123],"class_list":{"0":"post-5301","1":"product","2":"type-product","3":"status-publish","4":"has-post-thumbnail","6":"product_cat-origins","7":"product_tag-formawood-origins","8":"product_tag-izdelki-iz-lesa","9":"product_tag-leseni-izdelki","10":"product_tag-miza","11":"product_tag-plohn","12":"product_tag-stol","13":"product_shipping_class-tezji-predmeti","15":"first","16":"onbackorder","17":"taxable","18":"shipping-taxable","19":"purchasable","20":"product-type-simple"},"_links":{"self":[{"href":"https:\/\/formawood.si\/en\/wp-json\/wp\/v2\/product\/5301","targetHints":{"allow":["GET"]}}],"collection":[{"href":"https:\/\/formawood.si\/en\/wp-json\/wp\/v2\/product"}],"about":[{"href":"https:\/\/formawood.si\/en\/wp-json\/wp\/v2\/types\/product"}],"wp:featuredmedia":[{"embeddable":true,"href":"https:\/\/formawood.si\/en\/wp-json\/wp\/v2\/media\/5876"}],"wp:attachment":[{"href":"https:\/\/formawood.si\/en\/wp-json\/wp\/v2\/media?parent=5301"}],"wp:term":[{"taxonomy":"product_brand","embeddable":true,"href":"https:\/\/formawood.si\/en\/wp-json\/wp\/v2\/product_brand?post=5301"},{"taxonomy":"product_cat","embeddable":true,"href":"https:\/\/formawood.si\/en\/wp-json\/wp\/v2\/product_cat?post=5301"},{"taxonomy":"product_tag","embeddable":true,"href":"https:\/\/formawood.si\/en\/wp-json\/wp\/v2\/product_tag?post=5301"}],"curies":[{"name":"wp","href":"https:\/\/api.w.org\/{rel}","templated":true}]}}